{"id":19558,"date":"2017-12-18T17:20:51","date_gmt":"2017-12-18T22:20:51","guid":{"rendered":"http:\/\/touridiomas.com\/site\/?page_id=19558"},"modified":"2017-12-18T17:20:51","modified_gmt":"2017-12-18T22:20:51","slug":"contacto-2","status":"publish","type":"page","link":"https:\/\/touridiomas.com\/site\/contacto-2\/","title":{"rendered":"Contacto2"},"content":{"rendered":"<div class=\"wpb-content-wrapper\">[vc_row][vc_column][vc_column_text]\n<h2>Hagamos Contacto<\/h2>\n<p>Lograr el contacto con todos los interesados en estudiar con el exterior es importante, ya que en <strong>Tour Idiomas<\/strong> nos esforzamos por ofrecer una gran cantidad de <strong><a href=\"http:\/\/touridiomas.com\/site\/programs\/\" target=\"_blank\" rel=\"noopener\">programas<\/a> <\/strong>y<strong> <a href=\"http:\/\/touridiomas.com\/site\/cities\/\" target=\"_blank\" rel=\"noopener\">destinos<\/a><\/strong>, especialmente dise\u00f1ados para cubrir necesidades espec\u00edficas de cada persona, ya que nuestro mayor activo es contar con miles de clientes satisfechos y queremos que t\u00fa lo compruebes.[\/vc_column_text][vc_single_image image=&#8221;11232&#8243; img_size=&#8221;809&#215;250&#8243;][\/vc_column][\/vc_row][vc_row][vc_column][vc_separator][vc_column_text]\n<h2><strong>Cu\u00e9ntanos como podemos ayudarte para que vivas la experiencia de estudiar en el exterior.<\/strong><\/h2>\n[ninja_form id=5]\n<\/div>","protected":false},"excerpt":{"rendered":"<p>[vc_row][vc_column][vc_column_text] Hagamos Contacto Lograr el contacto con todos los interesados en estudiar con el exterior es importante, ya que en Tour Idiomas nos esforzamos por ofrecer una gran cantidad de programas y destinos, especialmente dise\u00f1ados para cubrir necesidades espec\u00edficas de cada persona, ya que nuestro mayor activo es contar con miles de clientes satisfechos y [&hellip;]<\/p>\n","protected":false},"author":2,"featured_media":0,"parent":0,"menu_order":11,"comment_status":"closed","ping_status":"closed","template":"","meta":{"footnotes":""},"class_list":["post-19558","page","type-page","status-publish","hentry"],"yoast_head":"<!-- This site is optimized with the Yoast SEO Premium plugin v27.2 (Yoast SEO v27.2) - https:\/\/yoast.com\/product\/yoast-seo-premium-wordpress\/ -->\n<title>Contacto - asesor\u00eda para estudiar un idioma en el extranjero<\/title>\n<meta name=\"description\" content=\"En Tour Idiomas establecer contacto con las personas nos motiva a seguir mejorando, env\u00edanos cualquier duda, consulta o comentario.\" \/>\n<meta name=\"robots\" content=\"index, follow, max-snippet:-1, max-image-preview:large, max-video-preview:-1\" \/>\n<link rel=\"canonical\" href=\"https:\/\/touridiomas.com\/site\/contacto-2\/\" \/>\n<meta property=\"og:locale\" content=\"es_MX\" \/>\n<meta property=\"og:type\" content=\"article\" \/>\n<meta property=\"og:title\" content=\"Contacto2\" \/>\n<meta property=\"og:description\" content=\"En Tour Idiomas establecer contacto con las personas nos motiva a seguir mejorando, env\u00edanos cualquier duda, consulta o comentario.\" \/>\n<meta property=\"og:url\" content=\"https:\/\/touridiomas.com\/site\/contacto-2\/\" \/>\n<meta property=\"og:site_name\" content=\"Tour Idiomas\" \/>\n<meta property=\"article:publisher\" content=\"https:\/\/www.facebook.com\/TourIdiomas\" \/>\n<meta property=\"og:image\" content=\"https:\/\/touridiomas.com\/site\/wp-content\/uploads\/logo-tour-idiomas.jpg\" \/>\n\t<meta property=\"og:image:width\" content=\"400\" \/>\n\t<meta property=\"og:image:height\" content=\"80\" \/>\n\t<meta property=\"og:image:type\" content=\"image\/jpeg\" \/>\n<meta name=\"twitter:card\" content=\"summary_large_image\" \/>\n<meta name=\"twitter:site\" content=\"@TourIdiomas\" \/>\n<meta name=\"twitter:label1\" content=\"Tiempo de lectura\" \/>\n\t<meta name=\"twitter:data1\" content=\"1 minuto\" \/>\n<script type=\"application\/ld+json\" class=\"yoast-schema-graph\">{\"@context\":\"https:\/\/schema.org\",\"@graph\":[{\"@type\":\"WebPage\",\"@id\":\"https:\/\/touridiomas.com\/site\/contacto-2\/\",\"url\":\"https:\/\/touridiomas.com\/site\/contacto-2\/\",\"name\":\"Contacto - asesor\u00eda para estudiar un idioma en el extranjero\",\"isPartOf\":{\"@id\":\"https:\/\/touridiomas.com\/site\/#website\"},\"datePublished\":\"2017-12-18T22:20:51+00:00\",\"description\":\"En Tour Idiomas establecer contacto con las personas nos motiva a seguir mejorando, env\u00edanos cualquier duda, consulta o comentario.\",\"breadcrumb\":{\"@id\":\"https:\/\/touridiomas.com\/site\/contacto-2\/#breadcrumb\"},\"inLanguage\":\"es\",\"potentialAction\":[{\"@type\":\"ReadAction\",\"target\":[\"https:\/\/touridiomas.com\/site\/contacto-2\/\"]}]},{\"@type\":\"BreadcrumbList\",\"@id\":\"https:\/\/touridiomas.com\/site\/contacto-2\/#breadcrumb\",\"itemListElement\":[{\"@type\":\"ListItem\",\"position\":1,\"name\":\"Home\",\"item\":\"https:\/\/touridiomas.com\/site\/\"},{\"@type\":\"ListItem\",\"position\":2,\"name\":\"Contacto2\"}]},{\"@type\":\"WebSite\",\"@id\":\"https:\/\/touridiomas.com\/site\/#website\",\"url\":\"https:\/\/touridiomas.com\/site\/\",\"name\":\"Tour Idiomas\",\"description\":\"Estudios en el Exterior\",\"publisher\":{\"@id\":\"https:\/\/touridiomas.com\/site\/#organization\"},\"potentialAction\":[{\"@type\":\"SearchAction\",\"target\":{\"@type\":\"EntryPoint\",\"urlTemplate\":\"https:\/\/touridiomas.com\/site\/?s={search_term_string}\"},\"query-input\":{\"@type\":\"PropertyValueSpecification\",\"valueRequired\":true,\"valueName\":\"search_term_string\"}}],\"inLanguage\":\"es\"},{\"@type\":\"Organization\",\"@id\":\"https:\/\/touridiomas.com\/site\/#organization\",\"name\":\"Tour Idiomas\",\"url\":\"https:\/\/touridiomas.com\/site\/\",\"logo\":{\"@type\":\"ImageObject\",\"inLanguage\":\"es\",\"@id\":\"https:\/\/touridiomas.com\/site\/#\/schema\/logo\/image\/\",\"url\":\"https:\/\/touridiomas.com\/site\/wp-content\/uploads\/logo-tour-idiomas.jpg\",\"contentUrl\":\"https:\/\/touridiomas.com\/site\/wp-content\/uploads\/logo-tour-idiomas.jpg\",\"width\":400,\"height\":80,\"caption\":\"Tour Idiomas\"},\"image\":{\"@id\":\"https:\/\/touridiomas.com\/site\/#\/schema\/logo\/image\/\"},\"sameAs\":[\"https:\/\/www.facebook.com\/TourIdiomas\",\"https:\/\/x.com\/TourIdiomas\",\"https:\/\/www.instagram.com\/touridiomas\/\",\"https:\/\/www.youtube.com\/user\/TourIdiomas\"]}]}<\/script>\n<!-- \/ Yoast SEO Premium plugin. -->","yoast_head_json":{"title":"Contacto - asesor\u00eda para estudiar un idioma en el extranjero","description":"En Tour Idiomas establecer contacto con las personas nos motiva a seguir mejorando, env\u00edanos cualquier duda, consulta o comentario.","robots":{"index":"index","follow":"follow","max-snippet":"max-snippet:-1","max-image-preview":"max-image-preview:large","max-video-preview":"max-video-preview:-1"},"canonical":"https:\/\/touridiomas.com\/site\/contacto-2\/","og_locale":"es_MX","og_type":"article","og_title":"Contacto2","og_description":"En Tour Idiomas establecer contacto con las personas nos motiva a seguir mejorando, env\u00edanos cualquier duda, consulta o comentario.","og_url":"https:\/\/touridiomas.com\/site\/contacto-2\/","og_site_name":"Tour Idiomas","article_publisher":"https:\/\/www.facebook.com\/TourIdiomas","og_image":[{"width":400,"height":80,"url":"https:\/\/touridiomas.com\/site\/wp-content\/uploads\/logo-tour-idiomas.jpg","type":"image\/jpeg"}],"twitter_card":"summary_large_image","twitter_site":"@TourIdiomas","twitter_misc":{"Tiempo de lectura":"1 minuto"},"schema":{"@context":"https:\/\/schema.org","@graph":[{"@type":"WebPage","@id":"https:\/\/touridiomas.com\/site\/contacto-2\/","url":"https:\/\/touridiomas.com\/site\/contacto-2\/","name":"Contacto - asesor\u00eda para estudiar un idioma en el extranjero","isPartOf":{"@id":"https:\/\/touridiomas.com\/site\/#website"},"datePublished":"2017-12-18T22:20:51+00:00","description":"En Tour Idiomas establecer contacto con las personas nos motiva a seguir mejorando, env\u00edanos cualquier duda, consulta o comentario.","breadcrumb":{"@id":"https:\/\/touridiomas.com\/site\/contacto-2\/#breadcrumb"},"inLanguage":"es","potentialAction":[{"@type":"ReadAction","target":["https:\/\/touridiomas.com\/site\/contacto-2\/"]}]},{"@type":"BreadcrumbList","@id":"https:\/\/touridiomas.com\/site\/contacto-2\/#breadcrumb","itemListElement":[{"@type":"ListItem","position":1,"name":"Home","item":"https:\/\/touridiomas.com\/site\/"},{"@type":"ListItem","position":2,"name":"Contacto2"}]},{"@type":"WebSite","@id":"https:\/\/touridiomas.com\/site\/#website","url":"https:\/\/touridiomas.com\/site\/","name":"Tour Idiomas","description":"Estudios en el Exterior","publisher":{"@id":"https:\/\/touridiomas.com\/site\/#organization"},"potentialAction":[{"@type":"SearchAction","target":{"@type":"EntryPoint","urlTemplate":"https:\/\/touridiomas.com\/site\/?s={search_term_string}"},"query-input":{"@type":"PropertyValueSpecification","valueRequired":true,"valueName":"search_term_string"}}],"inLanguage":"es"},{"@type":"Organization","@id":"https:\/\/touridiomas.com\/site\/#organization","name":"Tour Idiomas","url":"https:\/\/touridiomas.com\/site\/","logo":{"@type":"ImageObject","inLanguage":"es","@id":"https:\/\/touridiomas.com\/site\/#\/schema\/logo\/image\/","url":"https:\/\/touridiomas.com\/site\/wp-content\/uploads\/logo-tour-idiomas.jpg","contentUrl":"https:\/\/touridiomas.com\/site\/wp-content\/uploads\/logo-tour-idiomas.jpg","width":400,"height":80,"caption":"Tour Idiomas"},"image":{"@id":"https:\/\/touridiomas.com\/site\/#\/schema\/logo\/image\/"},"sameAs":["https:\/\/www.facebook.com\/TourIdiomas","https:\/\/x.com\/TourIdiomas","https:\/\/www.instagram.com\/touridiomas\/","https:\/\/www.youtube.com\/user\/TourIdiomas"]}]}},"_links":{"self":[{"href":"https:\/\/touridiomas.com\/site\/wp-json\/wp\/v2\/pages\/19558","targetHints":{"allow":["GET"]}}],"collection":[{"href":"https:\/\/touridiomas.com\/site\/wp-json\/wp\/v2\/pages"}],"about":[{"href":"https:\/\/touridiomas.com\/site\/wp-json\/wp\/v2\/types\/page"}],"author":[{"embeddable":true,"href":"https:\/\/touridiomas.com\/site\/wp-json\/wp\/v2\/users\/2"}],"replies":[{"embeddable":true,"href":"https:\/\/touridiomas.com\/site\/wp-json\/wp\/v2\/comments?post=19558"}],"version-history":[{"count":1,"href":"https:\/\/touridiomas.com\/site\/wp-json\/wp\/v2\/pages\/19558\/revisions"}],"predecessor-version":[{"id":19560,"href":"https:\/\/touridiomas.com\/site\/wp-json\/wp\/v2\/pages\/19558\/revisions\/19560"}],"wp:attachment":[{"href":"https:\/\/touridiomas.com\/site\/wp-json\/wp\/v2\/media?parent=19558"}],"curies":[{"name":"wp","href":"https:\/\/api.w.org\/{rel}","templated":true}]}}