{"id":20826,"date":"2020-05-23T14:23:59","date_gmt":"2020-05-23T19:23:59","guid":{"rendered":"https:\/\/touridiomas.com\/site\/?page_id=20826"},"modified":"2023-08-07T15:25:55","modified_gmt":"2023-08-07T20:25:55","slug":"estudia-en-sault-college","status":"publish","type":"page","link":"https:\/\/touridiomas.com\/site\/estudia-en-sault-college\/","title":{"rendered":"Estudia en Sault College"},"content":{"rendered":"<div class=\"wpb-content-wrapper\">[vc_row][vc_column]<div id=\"ultimate-heading-36596a08c8db35c91\" class=\"uvc-heading ult-adjust-bottom-margin ultimate-heading-36596a08c8db35c91 uvc-1933 \" data-hspacer=\"no_spacer\"  data-halign=\"center\" style=\"text-align:center\"><div class=\"uvc-heading-spacer no_spacer\" style=\"top\"><\/div><div class=\"uvc-main-heading ult-responsive\"  data-ultimate-target='.uvc-heading.ultimate-heading-36596a08c8db35c91 p'  data-responsive-json-new='{\"font-size\":\"desktop:52px;\",\"line-height\":\"\"}' ><p style=\"font-family:&#039;Open Sans Condensed&#039;;font-weight:700;\">Estudia, trabaja y vive en Canad\u00e1<\/p><\/div><div class=\"uvc-sub-heading ult-responsive\"  data-ultimate-target='.uvc-heading.ultimate-heading-36596a08c8db35c91 .uvc-sub-heading '  data-responsive-json-new='{\"font-size\":\"\",\"line-height\":\"\"}'  style=\"font-weight:normal;\"><span style=\"font-size: 32px;\">Participa en nuestro seminario con la representante oficial de la instituci\u00f3n<em>.<\/em>\u00a0 Sault College est\u00e1 ubicado en Sault St. Marie, Ontario, Canad\u00e1. En este seminario podr\u00e1s aclarar todas tus dudas y ver si tu futuro est\u00e1 en Canad\u00e1. Descubre todo lo que este College tiene para ofrecerte.<br \/>\n<\/span><\/div><\/div>[\/vc_column][\/vc_row][vc_row][vc_column][vc_single_image image=&#8221;17750&#8243; img_size=&#8221;400*400&#8243; alignment=&#8221;center&#8221; css=&#8221;.vc_custom_1656267431580{margin-top: 15px !important;}&#8221;][\/vc_column][\/vc_row][vc_row][vc_column]<div id=\"ultimate-heading-58446a08c8db35cf4\" class=\"uvc-heading ult-adjust-bottom-margin ultimate-heading-58446a08c8db35cf4 uvc-1927 \" data-hspacer=\"no_spacer\"  data-halign=\"center\" style=\"text-align:center\"><div class=\"uvc-heading-spacer no_spacer\" style=\"top\"><\/div><div class=\"uvc-main-heading ult-responsive\"  data-ultimate-target='.uvc-heading.ultimate-heading-58446a08c8db35cf4 p'  data-responsive-json-new='{\"font-size\":\"desktop:36px;\",\"line-height\":\"\"}' ><p style=\"font-family:&#039;Open Sans Condensed&#039;;font-weight:normal;\">\u00a1Haz de Canad\u00e1 tu proyecto de vida!<\/p><\/div><div class=\"uvc-sub-heading ult-responsive\"  data-ultimate-target='.uvc-heading.ultimate-heading-58446a08c8db35cf4 .uvc-sub-heading '  data-responsive-json-new='{\"font-size\":\"\",\"line-height\":\"\"}'  style=\"font-weight:normal;\">\n<div class=\"uvc-sub-heading ult-responsive\" data-ultimate-target=\".uvc-heading.ultimate-heading-421462b89fff35d3a .uvc-sub-heading \" data-responsive-json-new=\"{&quot;font-size&quot;:&quot;&quot;,&quot;line-height&quot;:&quot;&quot;}\">\n<p>Desde la comodidad de tu casa con\u00e9ctate a nuestro seminario con la representate oficial de <strong>Sault College,<\/strong> una de las mejores y m\u00e1s prestigiosas instituciones de educaci\u00f3n superior en Canad\u00e1. La sesi\u00f3n es totalmente gratuita. Reg\u00edstrate en el bot\u00f3n y recibir\u00e1s a tu correo un recordatorio con instrucciones sobre como participar.<\/p>\n<p>Recuerda, el seminario es el jueves 16 de agosto a las 6:30pm. Faltan:<\/p>\n<\/div>\n<\/div><\/div><style>#count-down-wrap-8543 .ult_countdown-amount { font-weight:normal;  font-family : ;\tcolor: ; } #count-down-wrap-8543 .ult_countdown-period{font-weight:normal;\tcolor: ;\tfont-family: ;}<\/style><div  data-ultimate-target='#count-down-wrap-8543 .ult_countdown-period'  data-responsive-json-new='{\"font-size\":\"desktop:13px;\",\"line-height\":\"\"}'  class=\"ult-responsive ult_countdown   ult-cd-no-border ult-cd-s1\"><div id=\"count-down-wrap-8543\"  class=\"ult-responsive ult_countdown-div ult_countdown-dateAndTime ult-wptz\" data-labels=\"Years,Months,Weeks,D\u00edas,Horas,Minutos,Seconds\" data-labels2=\"Year,Month,Semana,D\u00eda,Hora,Minuto,Second\"  data-terminal-date=\"2023\/08\/10 18:30:00\" data-countformat=\"DHM\" data-time-zone=\"-5\" data-time-now=\"2026\/05\/16 14:43:23\"  data-tick-col=\"\"   data-ultimate-target='#count-down-wrap-8543 .ult_countdown-amount'  data-responsive-json-new='{\"font-size\":\"desktop:36px;\",\"line-height\":\"\"}'  data-tick-p-col=\"\"  data-tick-style=\"font-weight:normal;\"  data-tick-p-style=\"\"  data-bg-color=\"\" data-br-radius=\"\" data-padd=\"0\" >2023\/08\/10 18:30:00<\/div><\/div><div class=\" ubtn-ctn-center \"><a class=\"ubtn-link ult-adjust-bottom-margin ubtn-center ubtn-large \" href=\"https:\/\/us02web.zoom.us\/webinar\/register\/WN_viZmi8dMSTaXTMBVwbbMJg\" target=\"_blank\" rel=\"noopener\" ><button type=\"button\" id=\"ubtn-1211\"  class=\"ubtn ult-adjust-bottom-margin ult-responsive ubtn-large ubtn-no-hover-bg  none  ubtn-center   tooltip-6a08c8db35db6\"  data-hover=\"\" data-border-color=\"\" data-bg=\"#1e73be\" data-hover-bg=\"\" data-border-hover=\"\" data-shadow-hover=\"\" data-shadow-click=\"none\" data-shadow=\"\" data-shd-shadow=\"\"  data-ultimate-target='#ubtn-1211'  data-responsive-json-new='{\"font-size\":\"\",\"line-height\":\"\"}'  style=\"font-weight:normal;border:none;background: #1e73be;color: #ffffff;\"><span class=\"ubtn-hover\" style=\"background-color:\"><\/span><span class=\"ubtn-data ubtn-text \" >Reg\u00edstrate aqu\u00ed<\/span><\/button><\/a><\/div>[vc_column_text]\n<p style=\"text-align: center;\"><span style=\"font-size: 21px;\"><strong>Si no puedes participar en la charla del 10 de agosto, igualmente reg\u00edstrate y te enviaremos el video de la misma<\/strong><\/span><\/p>\n[\/vc_column_text][vc_single_image image=&#8221;22474&#8243; img_size=&#8221;large&#8221; alignment=&#8221;center&#8221; css=&#8221;.vc_custom_1691439900638{margin-top: 15px !important;}&#8221;][\/vc_column][\/vc_row][vc_row][vc_column][vc_separator]<div id=\"ultimate-heading-61536a08c8db35e08\" class=\"uvc-heading ult-adjust-bottom-margin ultimate-heading-61536a08c8db35e08 uvc-661 \" data-hspacer=\"no_spacer\"  data-halign=\"center\" style=\"text-align:center\"><div class=\"uvc-heading-spacer no_spacer\" style=\"top\"><\/div><div class=\"uvc-sub-heading ult-responsive\"  data-ultimate-target='.uvc-heading.ultimate-heading-61536a08c8db35e08 .uvc-sub-heading '  data-responsive-json-new='{\"font-size\":\"\",\"line-height\":\"\"}'  style=\"font-weight:normal;\"><img fetchpriority=\"high\" decoding=\"async\" class=\"size-full wp-image-21111 aligncenter\" src=\"https:\/\/touridiomas.com\/site\/wp-content\/uploads\/Sault.jpg\" alt=\"\" width=\"400\" height=\"267\" srcset=\"https:\/\/touridiomas.com\/site\/wp-content\/uploads\/Sault.jpg 400w, https:\/\/touridiomas.com\/site\/wp-content\/uploads\/Sault-300x200.jpg 300w\" sizes=\"(max-width: 400px) 100vw, 400px\" \/><\/p>\n<p>&nbsp;<\/p>\n<\/div><\/div>[vc_column_text]<span class=\"\" title=\"Editado\">La visi\u00f3n de Sault College es hacer de nuestra sociedad un lugar mejor al proporcionar una experiencia de vida transformadora al empoderar a aquellos que estudian con nosotros para pensar y aprender de manera progresiva e innovadora, incluidos aquellos que a\u00fan no hemos imaginado, adem\u00e1s Sault hace parte del programa piloto de migraci\u00f3n en Canad\u00e1. <\/span><\/p>\n<p>Cualesquiera que sean tus objetivos educativos, Sault College se dedica a satisfacer tus necesidades de aprendizaje. Con un personal entusiasta, clases peque\u00f1as y una proporci\u00f3n de estudiantes por docente inferior al promedio provincial, los estudiantes de Sault College aprenden en un entorno de apoyo.<\/p>\n<p>Sault College ha crecido enormemente a lo largo de los a\u00f1os, agregando programas en todas las disciplinas. Ahora respondemos a las necesidades educativas postsecundarias de m\u00e1s de 4.500 estudiantes a tiempo parcial y tiempo completo cada a\u00f1o.<\/p>\n<p>Los n\u00fameros no mienten. \u00a1Nuestros estudiantes aman Sault College y estamos orgullosos de gritarlo!<\/p>\n<p>Clasificado en el Top 2 por satisfacci\u00f3n general del estudiante en los \u00faltimos seis a\u00f1os &#8211; dos veces # 1.<br \/>\nUniversidad # 1 por calidad de instalaciones cuatro a\u00f1os seguidos.<br \/>\n# 1 en la provincia por la calidad de la experiencia de aprendizaje &#8211; # 1 o # 2 durante nueve a\u00f1os seguidos.<br \/>\n<span style=\"font-size: 10px;\">Indicadores clave de rendimiento 2016\/17<\/span><\/p>\n<p>&nbsp;<\/p>\n<h2><span class=\"\" title=\"Editado\"><img decoding=\"async\" class=\"size-large wp-image-21412 aligncenter\" src=\"https:\/\/touridiomas.com\/site\/wp-content\/uploads\/fulltime-1024x348.jpg\" alt=\"\" width=\"640\" height=\"218\" srcset=\"https:\/\/touridiomas.com\/site\/wp-content\/uploads\/fulltime-1024x348.jpg 1024w, https:\/\/touridiomas.com\/site\/wp-content\/uploads\/fulltime-300x102.jpg 300w, https:\/\/touridiomas.com\/site\/wp-content\/uploads\/fulltime-1536x522.jpg 1536w, https:\/\/touridiomas.com\/site\/wp-content\/uploads\/fulltime.jpg 1900w\" sizes=\"(max-width: 640px) 100vw, 640px\" \/><\/span><\/h2>\n<h2 style=\"text-align: center;\"><span class=\"\" style=\"font-size: 32px;\" title=\"Editado\">\u00bfQu\u00e9 es el Programa Piloto Rural del Norte?<\/span><\/h2>\n<p><span class=\"\" title=\"Editado\"><br \/>\nEl programa piloto de las comunidades rurales y del norte da acceso a la residencia permanente en una de las 11 comunidades canadienses que participan de ese programa de inmigraci\u00f3n. Los criterios consisten en tener una oferta laboral en una de esas comunidades y demostrar cumplir con los criterios del gobierno federal de Canad\u00e1 y con varios criterios propios a cada comunidad.<br \/>\n<\/span>[\/vc_column_text][vc_single_image image=&#8221;20834&#8243; img_size=&#8221;large&#8221; alignment=&#8221;center&#8221;][vc_video link=&#8221;https:\/\/youtu.be\/nI7mQvlnaXM&#8221; el_width=&#8221;50&#8243; align=&#8221;center&#8221; title=&#8221;Conoce m\u00e1s de Sault College en este video&#8221;][\/vc_column][\/vc_row][vc_row][vc_column][vc_separator][\/vc_column][\/vc_row][vc_row][vc_column]<div class=\" ubtn-ctn-center \"><a class=\"ubtn-link ult-adjust-bottom-margin ubtn-center ubtn-large \" href=\"https:\/\/us02web.zoom.us\/webinar\/register\/WN_viZmi8dMSTaXTMBVwbbMJg\" target=\"_blank\" rel=\"noopener\" ><button type=\"button\" id=\"ubtn-6274\"  class=\"ubtn ult-adjust-bottom-margin ult-responsive ubtn-large ubtn-no-hover-bg  none  ubtn-center   tooltip-6a08c8db35e2f\"  data-hover=\"\" data-border-color=\"\" data-bg=\"#1e73be\" data-hover-bg=\"\" data-border-hover=\"\" data-shadow-hover=\"\" data-shadow-click=\"none\" data-shadow=\"\" data-shd-shadow=\"\"  data-ultimate-target='#ubtn-6274'  data-responsive-json-new='{\"font-size\":\"\",\"line-height\":\"\"}'  style=\"font-weight:normal;border:none;background: #1e73be;color: #ffffff;\"><span class=\"ubtn-hover\" style=\"background-color:\"><\/span><span class=\"ubtn-data ubtn-text \" >Reg\u00edstrate aqu\u00ed<\/span><\/button><\/a><\/div>[vc_column_text]\n<p style=\"text-align: center;\"><span style=\"font-size: 21px;\"><strong>Si no puedes participar en la charla del 10 de agosto, igualmente reg\u00edstrate y te enviaremos el video de la misma<\/strong><\/span><\/p>\n[\/vc_column_text][\/vc_column][\/vc_row][vc_row][vc_column][vc_single_image image=&#8221;20843&#8243; img_size=&#8221;medium&#8221; alignment=&#8221;center&#8221;][\/vc_column][\/vc_row][vc_row][vc_column][vc_column_text]En este <span style=\"color: #0000ff;\"><a style=\"color: #0000ff;\" href=\"https:\/\/touridiomas.com\/site\/universidades-en-canada\/\" target=\"_blank\" rel=\"noopener noreferrer\">enlace<\/a><\/span> puedes encontrar m\u00e1s informaci\u00f3n sobre estudios en Canad\u00e1 o si prefieres cont\u00e1ctanos a nuestro <a href=\"https:\/\/wa.link\/ansa5u\" target=\"_blank\" rel=\"noopener noreferrer\"><span style=\"color: #0000ff;\">WhastApp<\/span><\/a> o solicita una asesor\u00eda gratuita:[\/vc_column_text]<div class=\" ubtn-ctn-center \"><a class=\"ubtn-link ult-adjust-bottom-margin ubtn-center ubtn-large \" href=\"https:\/\/touridiomas.com\/site\/contacto\/\" target=\"_blank\" rel=\"noopener\" ><button type=\"button\" id=\"ubtn-4535\"  class=\"ubtn ult-adjust-bottom-margin ult-responsive ubtn-large ubtn-no-hover-bg  none  ubtn-center   tooltip-6a08c8db35e62\"  data-hover=\"\" data-border-color=\"\" data-bg=\"#1e73be\" data-hover-bg=\"\" data-border-hover=\"\" data-shadow-hover=\"\" data-shadow-click=\"none\" data-shadow=\"\" data-shd-shadow=\"\"  data-ultimate-target='#ubtn-4535'  data-responsive-json-new='{\"font-size\":\"\",\"line-height\":\"\"}'  style=\"font-weight:normal;border:none;background: #1e73be;color: #ffffff;\"><span class=\"ubtn-hover\" style=\"background-color:\"><\/span><span class=\"ubtn-data ubtn-text \" >Reservar Asesor\u00eda Gratuita<\/span><\/button><\/a><\/div>[\/vc_column][\/vc_row]\n<\/div>","protected":false},"excerpt":{"rendered":"<p>[vc_row][vc_column][\/vc_column][\/vc_row][vc_row][vc_column][vc_single_image image=&#8221;17750&#8243; img_size=&#8221;400*400&#8243; alignment=&#8221;center&#8221; css=&#8221;.vc_custom_1656267431580{margin-top: 15px !important;}&#8221;][\/vc_column][\/vc_row][vc_row][vc_column][vc_column_text] Si no puedes participar en la charla del 10 de agosto, igualmente reg\u00edstrate y te enviaremos el video de la misma [\/vc_column_text][vc_single_image image=&#8221;22474&#8243; img_size=&#8221;large&#8221; alignment=&#8221;center&#8221; css=&#8221;.vc_custom_1691439900638{margin-top: 15px !important;}&#8221;][\/vc_column][\/vc_row][vc_row][vc_column][vc_separator][vc_column_text]La visi\u00f3n de Sault College es hacer de nuestra sociedad un lugar mejor al proporcionar una experiencia de vida transformadora al [&hellip;]<\/p>\n","protected":false},"author":2,"featured_media":22474,"parent":0,"menu_order":0,"comment_status":"closed","ping_status":"closed","template":"","meta":{"footnotes":""},"class_list":["post-20826","page","type-page","status-publish","has-post-thumbnail","hentry"],"yoast_head":"<!-- This site is optimized with the Yoast SEO Premium plugin v27.2 (Yoast SEO v27.2) - https:\/\/yoast.com\/product\/yoast-seo-premium-wordpress\/ -->\n<title>Estudia en Sault College - Tour Idiomas<\/title>\n<meta name=\"description\" content=\"Sault College te brinda la oportundiad de ser parte del piloto rural y del norte de migraci\u00f3n de Canad\u00e1. Descubre si este proyecto es para ti\" \/>\n<meta name=\"robots\" content=\"index, follow, max-snippet:-1, max-image-preview:large, max-video-preview:-1\" \/>\n<link rel=\"canonical\" href=\"https:\/\/touridiomas.com\/site\/estudia-en-sault-college\/\" \/>\n<meta property=\"og:locale\" content=\"es_MX\" \/>\n<meta property=\"og:type\" content=\"article\" \/>\n<meta property=\"og:title\" content=\"Estudia en Sault College\" \/>\n<meta property=\"og:description\" content=\"Sault College te brinda la oportundiad de ser parte del piloto rural y del norte de migraci\u00f3n de Canad\u00e1. Descubre si este proyecto es para ti\" \/>\n<meta property=\"og:url\" content=\"https:\/\/touridiomas.com\/site\/estudia-en-sault-college\/\" \/>\n<meta property=\"og:site_name\" content=\"Tour Idiomas\" \/>\n<meta property=\"article:publisher\" content=\"https:\/\/www.facebook.com\/TourIdiomas\" \/>\n<meta property=\"article:modified_time\" content=\"2023-08-07T20:25:55+00:00\" \/>\n<meta property=\"og:image\" content=\"https:\/\/touridiomas.com\/site\/wp-content\/uploads\/2023\/08\/Invation-seminario-Sault-agosto-2023.jpg\" \/>\n\t<meta property=\"og:image:width\" content=\"500\" \/>\n\t<meta property=\"og:image:height\" content=\"500\" \/>\n\t<meta property=\"og:image:type\" content=\"image\/jpeg\" \/>\n<meta name=\"twitter:card\" content=\"summary_large_image\" \/>\n<meta name=\"twitter:site\" content=\"@TourIdiomas\" \/>\n<meta name=\"twitter:label1\" content=\"Tiempo de lectura\" \/>\n\t<meta name=\"twitter:data1\" content=\"3 minutos\" \/>\n<script type=\"application\/ld+json\" class=\"yoast-schema-graph\">{\"@context\":\"https:\/\/schema.org\",\"@graph\":[{\"@type\":\"WebPage\",\"@id\":\"https:\/\/touridiomas.com\/site\/estudia-en-sault-college\/\",\"url\":\"https:\/\/touridiomas.com\/site\/estudia-en-sault-college\/\",\"name\":\"Estudia en Sault College - Tour Idiomas\",\"isPartOf\":{\"@id\":\"https:\/\/touridiomas.com\/site\/#website\"},\"primaryImageOfPage\":{\"@id\":\"https:\/\/touridiomas.com\/site\/estudia-en-sault-college\/#primaryimage\"},\"image\":{\"@id\":\"https:\/\/touridiomas.com\/site\/estudia-en-sault-college\/#primaryimage\"},\"thumbnailUrl\":\"https:\/\/touridiomas.com\/site\/wp-content\/uploads\/2023\/08\/Invation-seminario-Sault-agosto-2023.jpg\",\"datePublished\":\"2020-05-23T19:23:59+00:00\",\"dateModified\":\"2023-08-07T20:25:55+00:00\",\"description\":\"Sault College te brinda la oportundiad de ser parte del piloto rural y del norte de migraci\u00f3n de Canad\u00e1. Descubre si este proyecto es para ti\",\"breadcrumb\":{\"@id\":\"https:\/\/touridiomas.com\/site\/estudia-en-sault-college\/#breadcrumb\"},\"inLanguage\":\"es\",\"potentialAction\":[{\"@type\":\"ReadAction\",\"target\":[\"https:\/\/touridiomas.com\/site\/estudia-en-sault-college\/\"]}]},{\"@type\":\"ImageObject\",\"inLanguage\":\"es\",\"@id\":\"https:\/\/touridiomas.com\/site\/estudia-en-sault-college\/#primaryimage\",\"url\":\"https:\/\/touridiomas.com\/site\/wp-content\/uploads\/2023\/08\/Invation-seminario-Sault-agosto-2023.jpg\",\"contentUrl\":\"https:\/\/touridiomas.com\/site\/wp-content\/uploads\/2023\/08\/Invation-seminario-Sault-agosto-2023.jpg\",\"width\":500,\"height\":500},{\"@type\":\"BreadcrumbList\",\"@id\":\"https:\/\/touridiomas.com\/site\/estudia-en-sault-college\/#breadcrumb\",\"itemListElement\":[{\"@type\":\"ListItem\",\"position\":1,\"name\":\"Home\",\"item\":\"https:\/\/touridiomas.com\/site\/\"},{\"@type\":\"ListItem\",\"position\":2,\"name\":\"Estudia en Sault College\"}]},{\"@type\":\"WebSite\",\"@id\":\"https:\/\/touridiomas.com\/site\/#website\",\"url\":\"https:\/\/touridiomas.com\/site\/\",\"name\":\"Tour Idiomas\",\"description\":\"Estudios en el Exterior\",\"publisher\":{\"@id\":\"https:\/\/touridiomas.com\/site\/#organization\"},\"potentialAction\":[{\"@type\":\"SearchAction\",\"target\":{\"@type\":\"EntryPoint\",\"urlTemplate\":\"https:\/\/touridiomas.com\/site\/?s={search_term_string}\"},\"query-input\":{\"@type\":\"PropertyValueSpecification\",\"valueRequired\":true,\"valueName\":\"search_term_string\"}}],\"inLanguage\":\"es\"},{\"@type\":\"Organization\",\"@id\":\"https:\/\/touridiomas.com\/site\/#organization\",\"name\":\"Tour Idiomas\",\"url\":\"https:\/\/touridiomas.com\/site\/\",\"logo\":{\"@type\":\"ImageObject\",\"inLanguage\":\"es\",\"@id\":\"https:\/\/touridiomas.com\/site\/#\/schema\/logo\/image\/\",\"url\":\"https:\/\/touridiomas.com\/site\/wp-content\/uploads\/logo-tour-idiomas.jpg\",\"contentUrl\":\"https:\/\/touridiomas.com\/site\/wp-content\/uploads\/logo-tour-idiomas.jpg\",\"width\":400,\"height\":80,\"caption\":\"Tour Idiomas\"},\"image\":{\"@id\":\"https:\/\/touridiomas.com\/site\/#\/schema\/logo\/image\/\"},\"sameAs\":[\"https:\/\/www.facebook.com\/TourIdiomas\",\"https:\/\/x.com\/TourIdiomas\",\"https:\/\/www.instagram.com\/touridiomas\/\",\"https:\/\/www.youtube.com\/user\/TourIdiomas\"]}]}<\/script>\n<!-- \/ Yoast SEO Premium plugin. -->","yoast_head_json":{"title":"Estudia en Sault College - Tour Idiomas","description":"Sault College te brinda la oportundiad de ser parte del piloto rural y del norte de migraci\u00f3n de Canad\u00e1. Descubre si este proyecto es para ti","robots":{"index":"index","follow":"follow","max-snippet":"max-snippet:-1","max-image-preview":"max-image-preview:large","max-video-preview":"max-video-preview:-1"},"canonical":"https:\/\/touridiomas.com\/site\/estudia-en-sault-college\/","og_locale":"es_MX","og_type":"article","og_title":"Estudia en Sault College","og_description":"Sault College te brinda la oportundiad de ser parte del piloto rural y del norte de migraci\u00f3n de Canad\u00e1. Descubre si este proyecto es para ti","og_url":"https:\/\/touridiomas.com\/site\/estudia-en-sault-college\/","og_site_name":"Tour Idiomas","article_publisher":"https:\/\/www.facebook.com\/TourIdiomas","article_modified_time":"2023-08-07T20:25:55+00:00","og_image":[{"width":500,"height":500,"url":"https:\/\/touridiomas.com\/site\/wp-content\/uploads\/2023\/08\/Invation-seminario-Sault-agosto-2023.jpg","type":"image\/jpeg"}],"twitter_card":"summary_large_image","twitter_site":"@TourIdiomas","twitter_misc":{"Tiempo de lectura":"3 minutos"},"schema":{"@context":"https:\/\/schema.org","@graph":[{"@type":"WebPage","@id":"https:\/\/touridiomas.com\/site\/estudia-en-sault-college\/","url":"https:\/\/touridiomas.com\/site\/estudia-en-sault-college\/","name":"Estudia en Sault College - Tour Idiomas","isPartOf":{"@id":"https:\/\/touridiomas.com\/site\/#website"},"primaryImageOfPage":{"@id":"https:\/\/touridiomas.com\/site\/estudia-en-sault-college\/#primaryimage"},"image":{"@id":"https:\/\/touridiomas.com\/site\/estudia-en-sault-college\/#primaryimage"},"thumbnailUrl":"https:\/\/touridiomas.com\/site\/wp-content\/uploads\/2023\/08\/Invation-seminario-Sault-agosto-2023.jpg","datePublished":"2020-05-23T19:23:59+00:00","dateModified":"2023-08-07T20:25:55+00:00","description":"Sault College te brinda la oportundiad de ser parte del piloto rural y del norte de migraci\u00f3n de Canad\u00e1. Descubre si este proyecto es para ti","breadcrumb":{"@id":"https:\/\/touridiomas.com\/site\/estudia-en-sault-college\/#breadcrumb"},"inLanguage":"es","potentialAction":[{"@type":"ReadAction","target":["https:\/\/touridiomas.com\/site\/estudia-en-sault-college\/"]}]},{"@type":"ImageObject","inLanguage":"es","@id":"https:\/\/touridiomas.com\/site\/estudia-en-sault-college\/#primaryimage","url":"https:\/\/touridiomas.com\/site\/wp-content\/uploads\/2023\/08\/Invation-seminario-Sault-agosto-2023.jpg","contentUrl":"https:\/\/touridiomas.com\/site\/wp-content\/uploads\/2023\/08\/Invation-seminario-Sault-agosto-2023.jpg","width":500,"height":500},{"@type":"BreadcrumbList","@id":"https:\/\/touridiomas.com\/site\/estudia-en-sault-college\/#breadcrumb","itemListElement":[{"@type":"ListItem","position":1,"name":"Home","item":"https:\/\/touridiomas.com\/site\/"},{"@type":"ListItem","position":2,"name":"Estudia en Sault College"}]},{"@type":"WebSite","@id":"https:\/\/touridiomas.com\/site\/#website","url":"https:\/\/touridiomas.com\/site\/","name":"Tour Idiomas","description":"Estudios en el Exterior","publisher":{"@id":"https:\/\/touridiomas.com\/site\/#organization"},"potentialAction":[{"@type":"SearchAction","target":{"@type":"EntryPoint","urlTemplate":"https:\/\/touridiomas.com\/site\/?s={search_term_string}"},"query-input":{"@type":"PropertyValueSpecification","valueRequired":true,"valueName":"search_term_string"}}],"inLanguage":"es"},{"@type":"Organization","@id":"https:\/\/touridiomas.com\/site\/#organization","name":"Tour Idiomas","url":"https:\/\/touridiomas.com\/site\/","logo":{"@type":"ImageObject","inLanguage":"es","@id":"https:\/\/touridiomas.com\/site\/#\/schema\/logo\/image\/","url":"https:\/\/touridiomas.com\/site\/wp-content\/uploads\/logo-tour-idiomas.jpg","contentUrl":"https:\/\/touridiomas.com\/site\/wp-content\/uploads\/logo-tour-idiomas.jpg","width":400,"height":80,"caption":"Tour Idiomas"},"image":{"@id":"https:\/\/touridiomas.com\/site\/#\/schema\/logo\/image\/"},"sameAs":["https:\/\/www.facebook.com\/TourIdiomas","https:\/\/x.com\/TourIdiomas","https:\/\/www.instagram.com\/touridiomas\/","https:\/\/www.youtube.com\/user\/TourIdiomas"]}]}},"_links":{"self":[{"href":"https:\/\/touridiomas.com\/site\/wp-json\/wp\/v2\/pages\/20826","targetHints":{"allow":["GET"]}}],"collection":[{"href":"https:\/\/touridiomas.com\/site\/wp-json\/wp\/v2\/pages"}],"about":[{"href":"https:\/\/touridiomas.com\/site\/wp-json\/wp\/v2\/types\/page"}],"author":[{"embeddable":true,"href":"https:\/\/touridiomas.com\/site\/wp-json\/wp\/v2\/users\/2"}],"replies":[{"embeddable":true,"href":"https:\/\/touridiomas.com\/site\/wp-json\/wp\/v2\/comments?post=20826"}],"version-history":[{"count":2,"href":"https:\/\/touridiomas.com\/site\/wp-json\/wp\/v2\/pages\/20826\/revisions"}],"predecessor-version":[{"id":22475,"href":"https:\/\/touridiomas.com\/site\/wp-json\/wp\/v2\/pages\/20826\/revisions\/22475"}],"wp:featuredmedia":[{"embeddable":true,"href":"https:\/\/touridiomas.com\/site\/wp-json\/wp\/v2\/media\/22474"}],"wp:attachment":[{"href":"https:\/\/touridiomas.com\/site\/wp-json\/wp\/v2\/media?parent=20826"}],"curies":[{"name":"wp","href":"https:\/\/api.w.org\/{rel}","templated":true}]}}